{"id":4469,"date":"2020-03-01T23:40:55","date_gmt":"2020-03-01T23:40:55","guid":{"rendered":"http:\/\/francdumonde.com\/?page_id=4469"},"modified":"2022-06-20T06:32:27","modified_gmt":"2022-06-20T06:32:27","slug":"dijak-es-gyoztesek","status":"publish","type":"page","link":"https:\/\/francdumonde.com\/en\/dijak-es-gyoztesek\/","title":{"rendered":"awards &#038; winners"},"content":{"rendered":"<p>[vc_row][vc_column][vc_column_text]FRANC DU MONDE INTERNATIONAL WINE CONTEST MEDAL WINNERS<\/p>\n<p>Gold medals:<\/p>\n<p>Bock Estate &#8211; Cabernet Franc 1993 Muze\u00e1lis<br \/>\nFritsch Winery &#8211; Vill\u00e1nyi Cabernet Franc 2019 Klasszikus<br \/>\nG\u00fcnzer Tam\u00e1s Winery &#8211; Bocor Vill\u00e1nyi Franc 2019 Pr\u00e9mium<br \/>\nCs\u00e1nyi Winery &#8211; Chateau Teleki Vill\u00e1ny &#8211; Vill\u00e1nyi Cabernet Franc 2002 Muze\u00e1lis<br \/>\nEnemigo Wines &#8211; El Enemigo Cabernet Franc 2016 Pr\u00e9mium<br \/>\nVylyan Vineyard and Wine Estate &#8211; Franc Vari\u00e1ci\u00f3 2020 \u00fajhord\u00f3 2020 Klasszikus<br \/>\nBlum Winery- Vill\u00e1nyi Franc 2018 Pr\u00e9mium<br \/>\nTajna vineyards &#038; winery &#8211; Cabernet Franc 2019 Pr\u00e9mium<br \/>\nBodri Winery &#8211; Bodri Szeksz\u00e1rdi Cabernet Franc &#8220;D\u0171l\u0151&#8221; V\u00e1logat\u00e1s 2019 Pr\u00e9mium<br \/>\nHavas &#038; Tim\u00e1r Winery &#8211; Franom 2018 Pr\u00e9mium<br \/>\nBock Winery &#8211; Vill\u00e1nyi Franc \u00d6rd\u00f6g\u00e1rok Selection 2015 Pr\u00e9mium<br \/>\nCs\u00e1nyi Winery- Teleki Trad\u00edci\u00f3 1881 &#8211; Vill\u00e1nyi Franc &#8211; KOP\u00c1R 2017 Pr\u00e9mium<\/p>\n<p>Silver medals:<br \/>\nJackfall Winery &#8211; Cabernet Franc 2017 Klasszikus<br \/>\nBelo Brdo &#8211; Cabernet Franc black Label 2017 Pr\u00e9mium<br \/>\nHavas &#038; Tim\u00e1r Winery &#8211; Franom Hord\u00f3v\u00e1logat\u00e1s 2017 Pr\u00e9mium<br \/>\nSzende Winery &#8211; Kop\u00e1r Vill\u00e1nyi Franc 2017 Pr\u00e9mium<br \/>\nMokos Winery &#8211; Vill\u00e1nyi Franc Super Premium 2017 Pr\u00e9mium<br \/>\nBlum Winery &#8211; Cabernet Franc 2017 Klasszikus<br \/>\nWeninger &#038; Gere Winery &#8211; Vill\u00e1nyi Franc (Csillagv\u00f6lgy d\u0171l\u0151) 2018 Pr\u00e9mium<br \/>\nAntal Winery &#8211; Szeksz\u00e1rdi Cabernet franc 2020 Klasszikus<br \/>\nVesztergombi Winery &#8211; Ker\u00e9khegy Cabernet Franc 2017 Pr\u00e9mium<br \/>\nLelovits Tam\u00e1s Winery &#8211; Vill\u00e1nyi Franc 2017 2017 Pr\u00e9mium<br \/>\nBock Winery Vill\u00e1ny &#8211; Vill\u00e1nyi Franc Fekete-hegy Selection 2012 Muze\u00e1lis<br \/>\nBakonyi Winery &#8211; BIO Vill\u00e1nyi Cabernet franc 2020 (Sikl\u00f3s) 2020 Klasszikus<br \/>\nMokos Winery &#8211; Vill\u00e1nyi Franc 2017 Pr\u00e9mium<br \/>\nCs\u00e1nyi Winery &#8211; Chateau Teleki Vill\u00e1ny &#8211; Vill\u00e1nyi Franc 2017 Pr\u00e9mium<br \/>\nBock Winery &#8211; Vill\u00e1nyi Franc Fekete-hegy Selection 2009 Muze\u00e1lis<br \/>\nBock Winery &#8211; Vill\u00e1nyi Franc M Selection 2017 Pr\u00e9mium<br \/>\nJekl Winery &#8211; Cabernet Franc 2013 Pr\u00e9mium<br \/>\nKoch Csaba VinArt Winery &#8211; Koch Csaba Cabernet Franc 2018 Klasszikus<br \/>\nFeravino (Enosophia) \u2013 Cabernet Franc Miraz 2018 Pr\u00e9mium<br \/>\nHeumann Winery \u2013 La Trinit\u00e1 Vill\u00e1nyi Franc 2017 Pr\u00e9mium<br \/>\nKoch Csaba VinArt Winery \u2013 899 Vill\u00e1nyi Franc 2017 Pr\u00e9mium[\/vc_column_text][\/vc_column][\/vc_row]<\/p>\n","protected":false},"excerpt":{"rendered":"<p>[vc_row][vc_column][vc_column_text]FRANC DU MONDE INTERNATIONAL WINE CONTEST MEDAL WINNERS Gold medals: Bock Estate &#8211; Cabernet Franc 1993 Muze\u00e1lis Fritsch Winery &#8211; Vill\u00e1nyi Cabernet Franc 2019 Klasszikus G\u00fcnzer Tam\u00e1s Winery &#8211; Bocor Vill\u00e1nyi Franc 2019 Pr\u00e9mium Cs\u00e1nyi Winery &#8211; Chateau Teleki Vill\u00e1ny [&hellip;]<\/p>\n","protected":false},"author":8,"featured_media":0,"parent":0,"menu_order":0,"comment_status":"closed","ping_status":"closed","template":"","meta":{"footnotes":""},"class_list":["post-4469","page","type-page","status-publish","hentry"],"_links":{"self":[{"href":"https:\/\/francdumonde.com\/en\/wp-json\/wp\/v2\/pages\/4469","targetHints":{"allow":["GET"]}}],"collection":[{"href":"https:\/\/francdumonde.com\/en\/wp-json\/wp\/v2\/pages"}],"about":[{"href":"https:\/\/francdumonde.com\/en\/wp-json\/wp\/v2\/types\/page"}],"author":[{"embeddable":true,"href":"https:\/\/francdumonde.com\/en\/wp-json\/wp\/v2\/users\/8"}],"replies":[{"embeddable":true,"href":"https:\/\/francdumonde.com\/en\/wp-json\/wp\/v2\/comments?post=4469"}],"version-history":[{"count":10,"href":"https:\/\/francdumonde.com\/en\/wp-json\/wp\/v2\/pages\/4469\/revisions"}],"predecessor-version":[{"id":5003,"href":"https:\/\/francdumonde.com\/en\/wp-json\/wp\/v2\/pages\/4469\/revisions\/5003"}],"wp:attachment":[{"href":"https:\/\/francdumonde.com\/en\/wp-json\/wp\/v2\/media?parent=4469"}],"curies":[{"name":"wp","href":"https:\/\/api.w.org\/{rel}","templated":true}]}}