{"id":4472,"date":"2020-03-01T23:41:12","date_gmt":"2020-03-01T23:41:12","guid":{"rendered":"http:\/\/francdumonde.com\/?page_id=4472"},"modified":"2022-06-15T11:22:21","modified_gmt":"2022-06-15T11:22:21","slug":"media-zona","status":"publish","type":"page","link":"https:\/\/francdumonde.com\/en\/media-zona\/","title":{"rendered":"Media"},"content":{"rendered":"\n<div class=\"wp-block-file\"><a href=\"https:\/\/francdumonde.com\/wp-content\/uploads\/2022\/06\/Sajt\u00f3k\u00f6zlem\u00e9ny-Franc-du-Monde.pdf\">Sajt\u00f3k\u00f6zlem\u00e9ny_ Franc-du-Monde<\/a><a href=\"https:\/\/francdumonde.com\/wp-content\/uploads\/2022\/06\/Sajt\u00f3k\u00f6zlem\u00e9ny-Franc-du-Monde.pdf\" class=\"wp-block-file__button\" download>Let\u00f6lt\u00e9s<\/a><\/div>\n\n\n\n<div class=\"wp-block-file\"><a href=\"https:\/\/francdumonde.com\/wp-content\/uploads\/2022\/06\/Press-Release_Franc-du-Monde.pdf\">Press-Release_ Franc-du-Monde<\/a><a href=\"https:\/\/francdumonde.com\/wp-content\/uploads\/2022\/06\/Press-Release_Franc-du-Monde.pdf\" class=\"wp-block-file__button\" download>Let\u00f6lt\u00e9s<\/a><\/div>\n\n\n\n<p> VILL\u00c1NY IN INTERNATIONAL FOCUS <br>THE FIRST INTERNATIONAL FRANC DU MONDE CONTEST RESULTS ANNOUNCED <br><br>Producers of Hungarian Vill\u00e1ny wine region have been organizing Franc &#038; Franc conference and tasting for years, and by today the event has become the internation forum of Cabernet Franc variety. <br>After several years of successful conferences, they decided to create a prestigious wine competition focusing on Cabernet Franc \u2013 this is Franc Du Monde.  Wines could arrive from every region of the world, where \u2013 like in Vill\u00e1ny \u2013 winemakers pay special attention to this grape and make varietal Cabernet Franc wines. <br><br>ENTRIES TO THE WINE COMPETITION COULD BE MADE IN THE FOLLOWING CATEGORIES: <br><br>\u2022 classic: Cabernet Franc single-varietal wines with at least 9% ABV <br>\u2022 premium: Cabernet Franc single-varietal wines aged for at least 12 months in oak with at least 12.5% ABV <br>\u2022 older vintages: Cabernet Franc single-varietal wines with vintage at least ten years ago (in 2022, wines from the 2012 vintage or older)<br>\u2022 blends: blends containing at least 70% Cabernet Franc <br><br>The story started with legendary Michael Broadbent visiting Vill\u00e1ny in 2000 and making his famous statement: <br>&#8220;Cabernet Franc has found its natural home in Vill\u00e1ny&#8221;. <br><br>&#8220;Our decision to create a new wine contest was inspired by the experiences of the past years, since Vill\u00e1ny wine region has already organized Cabernet Franc themed trade and consumer events 6 times so far. <br>During these years many of the most significant Old and New World producers presented their wines at Franc &#038; Franc. <br>They are devoted producers who believe in the variety and make varietal wine of it&#8221; \u2013 commented Gergely Nagy, the executive manager of Tenkes Regional Development Nonprofit Ltd. <br><br>Premium \u2013 the most popular segment 101 wines entered from 8 countries: France, Slovakia, Croatia, Serbia, Romania, Turkey, Argentina and Hungary. &#8220;Premium&#8221; was the most popular category with 67 entries. <br>Wines were evaluated by renowned international wine experts including two Master of Wine experts. <br><br>JURY MEMBERS: Cees van Casteren MW , Ximena Pacheco, Gy\u00f6rgy Orod\u00e1n, Zolt\u00e1n Gy\u0151rffy, Csilla Sebesty\u00e9n, Pasi Ketolainen MW, Attila Fi\u00e1th, \u00c1gnes N\u00e9meth, Davide Bortone, Tolson Sue, Niklas Bergquist, L\u00e1szl\u00f3 Romsics, Ivett Vancsik, Jeroen Terhorst, Joel B. Payne, Tomislav Ivanovic <br><br>As the jury members summarized after the contest, the overall quality of the wines was very high, and since the contest followed the OIV rules, only 30% of the entered wines could receive medal. The medal winner wines are all above 89.2 points! <br>The competition was judged by the WineCompass program developed by Borkult.<br><br> FRANC DU MONDE INTERNATIONAL WINE CONTEST MEDAL WINNERS: <br><br>GOLD MEDALS: <br>\u2013 Bock Cabernet Franc 1993, Vill\u00e1ny, Hungary (old vintage wine) <br>\u2013 Fritsch Vill\u00e1nyi Cabernet Franc 2019, Vill\u00e1ny, Hungary (classic) <br>\u2013 G\u00fcnzer Tam\u00e1s Bocor Vill\u00e1nyi Franc 2019, Vill\u00e1ny, Hungary (premium) <br>\u2013 Cs\u00e1nyi Chateau Teleki Vill\u00e1nyi Cabernet Franc 2002 ,Vill\u00e1ny, Hungary (old vintage wine)<br>\u2013 El Enemigo Cabernet Franc 2016, Argenina (premium) <br>\u2013 Vylyan Franc Variations 2020 barrel 2020, Vill\u00e1ny, Hungary (classic) <br>\u2013 Blum Vill\u00e1nyi Franc 2018, Vill\u00e1ny, Hungary (premium) <br>\u2013 Tajna Cabernet Franc 2019, Slovakia (premium) <br>\u2013 Bodri Cabernet Franc &#8220;D\u0171l\u0151&#8221; (Vineyard) Selection 2019, Szeksz\u00e1rd, Hungary (premium) <br>\u2013 Havas &#038; Tim\u00e1r Franom 2018, Eger, Hungary (premium) <br>\u2013 Bock Vill\u00e1nyi Franc \u00d6rd\u00f6g\u00e1rok Selection 2015, Vill\u00e1ny, Hungary (premium) <br>\u2013 Cs\u00e1nyi Teleki Trad\u00edci\u00f3 1881 Vill\u00e1nyi Franc KOP\u00c1R 2017, Vill\u00e1ny, Hungary (premium) <br><br>SIVER MEDALS: <br>\u2013 Jackfall Cabernet Franc 2017, Vill\u00e1ny, Hungary (classic) <br>\u2013 Belo Brdo Cabernet Franc black Label 2017, Serbia (premium) <br>\u2013 Havas &#038; Tim\u00e1r Franom Barrel Selection, 2017, Eger, Hungary (premium) <br>\u2013 Szende Kop\u00e1r Vill\u00e1nyi Franc 2017, Vill\u00e1ny, Hungary (premium) <br>\u2013 Mokos Vill\u00e1nyi Franc Super Premium 2017, Vill\u00e1ny, Hungary (premium) <br>\u2013 Blum Cabernet Franc 2017, Vill\u00e1ny, Hungary (classic) <br>\u2013 Weninger &#038; Gere Vill\u00e1nyi Franc (Csillagv\u00f6lgy) 2018, Vill\u00e1ny, Hungary (premium)<br>\u2013 Antal Cabernet Franc 2020, Szeksz\u00e1rd, Hungary (classic) <br>\u2013 Vesztergombi Ker\u00e9khegy Cabernet Franc 2017, Szeksz\u00e1rd, Hungary (premium) <br>\u2013 Lelovits Tam\u00e1s Vill\u00e1nyi Franc 2017, Vill\u00e1ny, Hungary (premium) <br>\u2013 Bock Vill\u00e1nyi Franc Fekete-hegy Selection 2012, Vill\u00e1ny, Hungary (old vintage wine) <br>\u2013 Bakonyi BIO Vill\u00e1nyi Cabernet Franc 2020, Vill\u00e1ny, Hungary (classic) <br>\u2013 Mokos Vill\u00e1nyi Franc 2017, Vill\u00e1ny, Hungary (premium) <br>\u2013 Cs\u00e1nyi Chateau Teleki Vill\u00e1nyi Franc 2017, Vill\u00e1ny, Hungary (premium) <br>\u2013 Bock Vill\u00e1nyi Franc Fekete-hegy Selection 2009, Vill\u00e1ny, Hungary (old vintage wine) <br>\u2013 Bock Vill\u00e1nyi Franc M Selection 2017, Vill\u00e1ny, Hungary (premium) <br>\u2013Cabernet Franc 2013, Vill\u00e1ny, Hungary (premium) <br>\u2013 Koch VinArt Cabernet Franc 2018 Vill\u00e1ny, Hungary (classic) <br>\u2013 Feravino (Enosophia) Cabernet Franc Miraz 2018, Croatia (premium) <br>\u2013 Heumann La Trinit\u00e1 Vill\u00e1nyi Franc 2017, Vill\u00e1ny, Hungary (premium) <br>\u2013 Koch VinArt 899 Vill\u00e1nyi Franc 2017, Vill\u00e1ny, Hungary (premium) <br><br>The award ceremony took place a day after the contest (11 June) at Bock Winery conference centre. <br>The conference was funded by \u201eWine Tour Across Borders\u201d HUHR\/1901\/2.1.3\/0095 project of Vill\u00e1ny wine region. <br>After giving over the certificates, Cees van Casteren MW, Pasi Ketolainen MW, Chilean winemaker Ximena Pacheco and Andr\u00e1s Horkay DipWSET gave lectures about different Cabernet Franc styles and summarized their experiences. <br>The ceremony ended with lunch and tasting of the samples. <br><br>PHOTO GALLERY: https:\/\/drive.google.com\/drive\/folders\/1sUc8nh3azIANOi9s2zsqNGbf2MgJmNZY?usp=sharing <br><br>FURTHER INFORMATION: <br>Bogl\u00e1rka D\u00f3ra Kov\u00e1cs <br>marketing manager <br>marketing@villanyiborvidek.hu <br><\/p>\n\n\n\n<p><br><\/p>\n\n\n\n<p><br><br><\/p>\n\n\n\n<p><\/p>\n\n\n\n<figure class=\"wp-block-gallery columns-3 is-cropped wp-block-gallery-1 is-layout-flex wp-block-gallery-is-layout-flex\"><ul class=\"blocks-gallery-grid\"><li class=\"blocks-gallery-item\"><figure><img loading=\"lazy\" decoding=\"async\" width=\"1024\" height=\"683\" src=\"https:\/\/francdumonde.com\/wp-content\/uploads\/2022\/06\/FDM_424-1-1024x683.jpg\" alt=\"\" data-id=\"4942\" data-full-url=\"https:\/\/francdumonde.com\/wp-content\/uploads\/2022\/06\/FDM_424-1-scaled.jpg\" data-link=\"https:\/\/francdumonde.com\/media-zona\/fdm_424-1\/\" class=\"wp-image-4942\" srcset=\"https:\/\/francdumonde.com\/wp-content\/uploads\/2022\/06\/FDM_424-1-1024x683.jpg 1024w, https:\/\/francdumonde.com\/wp-content\/uploads\/2022\/06\/FDM_424-1-300x200.jpg 300w, https:\/\/francdumonde.com\/wp-content\/uploads\/2022\/06\/FDM_424-1-768x512.jpg 768w, https:\/\/francdumonde.com\/wp-content\/uploads\/2022\/06\/FDM_424-1-1536x1024.jpg 1536w\" sizes=\"auto, (max-width: 1024px) 100vw, 1024px\" \/><\/figure><\/li><li class=\"blocks-gallery-item\"><figure><img loading=\"lazy\" decoding=\"async\" width=\"1024\" height=\"683\" src=\"https:\/\/francdumonde.com\/wp-content\/uploads\/2022\/06\/FDM_227-1-1024x683.jpg\" alt=\"\" data-id=\"4943\" data-full-url=\"https:\/\/francdumonde.com\/wp-content\/uploads\/2022\/06\/FDM_227-1-scaled.jpg\" data-link=\"https:\/\/francdumonde.com\/media-zona\/fdm_227-1\/\" class=\"wp-image-4943\" srcset=\"https:\/\/francdumonde.com\/wp-content\/uploads\/2022\/06\/FDM_227-1-1024x683.jpg 1024w, https:\/\/francdumonde.com\/wp-content\/uploads\/2022\/06\/FDM_227-1-300x200.jpg 300w, https:\/\/francdumonde.com\/wp-content\/uploads\/2022\/06\/FDM_227-1-768x512.jpg 768w, https:\/\/francdumonde.com\/wp-content\/uploads\/2022\/06\/FDM_227-1-1536x1024.jpg 1536w\" sizes=\"auto, (max-width: 1024px) 100vw, 1024px\" \/><\/figure><\/li><li class=\"blocks-gallery-item\"><figure><img loading=\"lazy\" decoding=\"async\" width=\"1024\" height=\"683\" src=\"https:\/\/francdumonde.com\/wp-content\/uploads\/2022\/06\/FDM_073-1024x683.jpg\" alt=\"\" data-id=\"4944\" data-full-url=\"https:\/\/francdumonde.com\/wp-content\/uploads\/2022\/06\/FDM_073-scaled.jpg\" data-link=\"https:\/\/francdumonde.com\/media-zona\/fdm_073\/\" class=\"wp-image-4944\" srcset=\"https:\/\/francdumonde.com\/wp-content\/uploads\/2022\/06\/FDM_073-1024x683.jpg 1024w, https:\/\/francdumonde.com\/wp-content\/uploads\/2022\/06\/FDM_073-300x200.jpg 300w, https:\/\/francdumonde.com\/wp-content\/uploads\/2022\/06\/FDM_073-768x512.jpg 768w, https:\/\/francdumonde.com\/wp-content\/uploads\/2022\/06\/FDM_073-1536x1024.jpg 1536w\" sizes=\"auto, (max-width: 1024px) 100vw, 1024px\" \/><\/figure><\/li><li class=\"blocks-gallery-item\"><figure><img loading=\"lazy\" decoding=\"async\" width=\"1024\" height=\"683\" src=\"https:\/\/francdumonde.com\/wp-content\/uploads\/2022\/06\/FDM_439-1024x683.jpg\" alt=\"\" data-id=\"4945\" data-full-url=\"https:\/\/francdumonde.com\/wp-content\/uploads\/2022\/06\/FDM_439-scaled.jpg\" data-link=\"https:\/\/francdumonde.com\/media-zona\/fdm_439\/\" class=\"wp-image-4945\" srcset=\"https:\/\/francdumonde.com\/wp-content\/uploads\/2022\/06\/FDM_439-1024x683.jpg 1024w, https:\/\/francdumonde.com\/wp-content\/uploads\/2022\/06\/FDM_439-300x200.jpg 300w, https:\/\/francdumonde.com\/wp-content\/uploads\/2022\/06\/FDM_439-768x512.jpg 768w, https:\/\/francdumonde.com\/wp-content\/uploads\/2022\/06\/FDM_439-1536x1024.jpg 1536w\" sizes=\"auto, (max-width: 1024px) 100vw, 1024px\" \/><\/figure><\/li><li class=\"blocks-gallery-item\"><figure><img loading=\"lazy\" decoding=\"async\" width=\"1024\" height=\"683\" src=\"https:\/\/francdumonde.com\/wp-content\/uploads\/2022\/06\/FDM_064-1024x683.jpg\" alt=\"\" data-id=\"4946\" data-full-url=\"https:\/\/francdumonde.com\/wp-content\/uploads\/2022\/06\/FDM_064-scaled.jpg\" data-link=\"https:\/\/francdumonde.com\/media-zona\/fdm_064\/\" class=\"wp-image-4946\" srcset=\"https:\/\/francdumonde.com\/wp-content\/uploads\/2022\/06\/FDM_064-1024x683.jpg 1024w, https:\/\/francdumonde.com\/wp-content\/uploads\/2022\/06\/FDM_064-300x200.jpg 300w, https:\/\/francdumonde.com\/wp-content\/uploads\/2022\/06\/FDM_064-768x512.jpg 768w, https:\/\/francdumonde.com\/wp-content\/uploads\/2022\/06\/FDM_064-1536x1024.jpg 1536w\" sizes=\"auto, (max-width: 1024px) 100vw, 1024px\" \/><\/figure><\/li><li class=\"blocks-gallery-item\"><figure><img loading=\"lazy\" decoding=\"async\" width=\"1024\" height=\"683\" src=\"https:\/\/francdumonde.com\/wp-content\/uploads\/2022\/06\/FDM_057-1024x683.jpg\" alt=\"\" data-id=\"4947\" data-full-url=\"https:\/\/francdumonde.com\/wp-content\/uploads\/2022\/06\/FDM_057-scaled.jpg\" data-link=\"https:\/\/francdumonde.com\/media-zona\/fdm_057\/\" class=\"wp-image-4947\" srcset=\"https:\/\/francdumonde.com\/wp-content\/uploads\/2022\/06\/FDM_057-1024x683.jpg 1024w, https:\/\/francdumonde.com\/wp-content\/uploads\/2022\/06\/FDM_057-300x200.jpg 300w, https:\/\/francdumonde.com\/wp-content\/uploads\/2022\/06\/FDM_057-768x512.jpg 768w, https:\/\/francdumonde.com\/wp-content\/uploads\/2022\/06\/FDM_057-1536x1024.jpg 1536w\" sizes=\"auto, (max-width: 1024px) 100vw, 1024px\" \/><\/figure><\/li><li class=\"blocks-gallery-item\"><figure><img loading=\"lazy\" decoding=\"async\" width=\"1024\" height=\"683\" src=\"https:\/\/francdumonde.com\/wp-content\/uploads\/2022\/06\/FDM_429-1024x683.jpg\" alt=\"\" data-id=\"4948\" data-full-url=\"https:\/\/francdumonde.com\/wp-content\/uploads\/2022\/06\/FDM_429-scaled.jpg\" data-link=\"https:\/\/francdumonde.com\/media-zona\/fdm_429\/\" class=\"wp-image-4948\" srcset=\"https:\/\/francdumonde.com\/wp-content\/uploads\/2022\/06\/FDM_429-1024x683.jpg 1024w, https:\/\/francdumonde.com\/wp-content\/uploads\/2022\/06\/FDM_429-300x200.jpg 300w, https:\/\/francdumonde.com\/wp-content\/uploads\/2022\/06\/FDM_429-768x512.jpg 768w, https:\/\/francdumonde.com\/wp-content\/uploads\/2022\/06\/FDM_429-1536x1024.jpg 1536w\" sizes=\"auto, (max-width: 1024px) 100vw, 1024px\" \/><\/figure><\/li><li class=\"blocks-gallery-item\"><figure><img loading=\"lazy\" decoding=\"async\" width=\"1024\" height=\"683\" src=\"https:\/\/francdumonde.com\/wp-content\/uploads\/2022\/06\/FDM_344-1024x683.jpg\" alt=\"\" data-id=\"4949\" data-full-url=\"https:\/\/francdumonde.com\/wp-content\/uploads\/2022\/06\/FDM_344-scaled.jpg\" data-link=\"https:\/\/francdumonde.com\/media-zona\/fdm_344\/\" class=\"wp-image-4949\" srcset=\"https:\/\/francdumonde.com\/wp-content\/uploads\/2022\/06\/FDM_344-1024x683.jpg 1024w, https:\/\/francdumonde.com\/wp-content\/uploads\/2022\/06\/FDM_344-300x200.jpg 300w, https:\/\/francdumonde.com\/wp-content\/uploads\/2022\/06\/FDM_344-768x512.jpg 768w, https:\/\/francdumonde.com\/wp-content\/uploads\/2022\/06\/FDM_344-1536x1024.jpg 1536w\" sizes=\"auto, (max-width: 1024px) 100vw, 1024px\" \/><\/figure><\/li><li class=\"blocks-gallery-item\"><figure><img loading=\"lazy\" decoding=\"async\" width=\"1024\" height=\"683\" src=\"https:\/\/francdumonde.com\/wp-content\/uploads\/2022\/06\/FDM_031-1024x683.jpg\" alt=\"\" data-id=\"4950\" data-full-url=\"https:\/\/francdumonde.com\/wp-content\/uploads\/2022\/06\/FDM_031-scaled.jpg\" data-link=\"https:\/\/francdumonde.com\/media-zona\/fdm_031\/\" class=\"wp-image-4950\" srcset=\"https:\/\/francdumonde.com\/wp-content\/uploads\/2022\/06\/FDM_031-1024x683.jpg 1024w, https:\/\/francdumonde.com\/wp-content\/uploads\/2022\/06\/FDM_031-300x200.jpg 300w, https:\/\/francdumonde.com\/wp-content\/uploads\/2022\/06\/FDM_031-768x512.jpg 768w, https:\/\/francdumonde.com\/wp-content\/uploads\/2022\/06\/FDM_031-1536x1024.jpg 1536w\" sizes=\"auto, (max-width: 1024px) 100vw, 1024px\" \/><\/figure><\/li><li class=\"blocks-gallery-item\"><figure><img loading=\"lazy\" decoding=\"async\" width=\"1024\" height=\"683\" src=\"https:\/\/francdumonde.com\/wp-content\/uploads\/2022\/06\/FDM_335-1024x683.jpg\" alt=\"\" data-id=\"4951\" data-full-url=\"https:\/\/francdumonde.com\/wp-content\/uploads\/2022\/06\/FDM_335-scaled.jpg\" data-link=\"https:\/\/francdumonde.com\/media-zona\/fdm_335\/\" class=\"wp-image-4951\" srcset=\"https:\/\/francdumonde.com\/wp-content\/uploads\/2022\/06\/FDM_335-1024x683.jpg 1024w, https:\/\/francdumonde.com\/wp-content\/uploads\/2022\/06\/FDM_335-300x200.jpg 300w, https:\/\/francdumonde.com\/wp-content\/uploads\/2022\/06\/FDM_335-768x512.jpg 768w, https:\/\/francdumonde.com\/wp-content\/uploads\/2022\/06\/FDM_335-1536x1024.jpg 1536w\" sizes=\"auto, (max-width: 1024px) 100vw, 1024px\" \/><\/figure><\/li><li class=\"blocks-gallery-item\"><figure><img loading=\"lazy\" decoding=\"async\" width=\"1024\" height=\"683\" src=\"https:\/\/francdumonde.com\/wp-content\/uploads\/2022\/06\/FDM_349-1024x683.jpg\" alt=\"\" data-id=\"4952\" data-full-url=\"https:\/\/francdumonde.com\/wp-content\/uploads\/2022\/06\/FDM_349-scaled.jpg\" data-link=\"https:\/\/francdumonde.com\/media-zona\/fdm_349\/\" class=\"wp-image-4952\" srcset=\"https:\/\/francdumonde.com\/wp-content\/uploads\/2022\/06\/FDM_349-1024x683.jpg 1024w, https:\/\/francdumonde.com\/wp-content\/uploads\/2022\/06\/FDM_349-300x200.jpg 300w, https:\/\/francdumonde.com\/wp-content\/uploads\/2022\/06\/FDM_349-768x512.jpg 768w, https:\/\/francdumonde.com\/wp-content\/uploads\/2022\/06\/FDM_349-1536x1024.jpg 1536w\" sizes=\"auto, (max-width: 1024px) 100vw, 1024px\" \/><\/figure><\/li><li class=\"blocks-gallery-item\"><figure><img loading=\"lazy\" decoding=\"async\" width=\"1024\" height=\"683\" src=\"https:\/\/francdumonde.com\/wp-content\/uploads\/2022\/06\/FDM_372-1024x683.jpg\" alt=\"\" data-id=\"4953\" data-full-url=\"https:\/\/francdumonde.com\/wp-content\/uploads\/2022\/06\/FDM_372-scaled.jpg\" data-link=\"https:\/\/francdumonde.com\/media-zona\/fdm_372\/\" class=\"wp-image-4953\" srcset=\"https:\/\/francdumonde.com\/wp-content\/uploads\/2022\/06\/FDM_372-1024x683.jpg 1024w, https:\/\/francdumonde.com\/wp-content\/uploads\/2022\/06\/FDM_372-300x200.jpg 300w, https:\/\/francdumonde.com\/wp-content\/uploads\/2022\/06\/FDM_372-768x512.jpg 768w, https:\/\/francdumonde.com\/wp-content\/uploads\/2022\/06\/FDM_372-1536x1024.jpg 1536w\" sizes=\"auto, (max-width: 1024px) 100vw, 1024px\" \/><\/figure><\/li><li class=\"blocks-gallery-item\"><figure><img loading=\"lazy\" decoding=\"async\" width=\"1024\" height=\"683\" src=\"https:\/\/francdumonde.com\/wp-content\/uploads\/2022\/06\/FDM_289-1024x683.jpg\" alt=\"\" data-id=\"4954\" data-full-url=\"https:\/\/francdumonde.com\/wp-content\/uploads\/2022\/06\/FDM_289-scaled.jpg\" data-link=\"https:\/\/francdumonde.com\/media-zona\/fdm_289\/\" class=\"wp-image-4954\" srcset=\"https:\/\/francdumonde.com\/wp-content\/uploads\/2022\/06\/FDM_289-1024x683.jpg 1024w, https:\/\/francdumonde.com\/wp-content\/uploads\/2022\/06\/FDM_289-300x200.jpg 300w, https:\/\/francdumonde.com\/wp-content\/uploads\/2022\/06\/FDM_289-768x512.jpg 768w, https:\/\/francdumonde.com\/wp-content\/uploads\/2022\/06\/FDM_289-1536x1024.jpg 1536w\" sizes=\"auto, (max-width: 1024px) 100vw, 1024px\" \/><\/figure><\/li><li class=\"blocks-gallery-item\"><figure><img loading=\"lazy\" decoding=\"async\" width=\"1024\" height=\"683\" src=\"https:\/\/francdumonde.com\/wp-content\/uploads\/2022\/06\/FDM_089-1024x683.jpg\" alt=\"\" data-id=\"4955\" data-full-url=\"https:\/\/francdumonde.com\/wp-content\/uploads\/2022\/06\/FDM_089-scaled.jpg\" data-link=\"https:\/\/francdumonde.com\/media-zona\/fdm_089\/\" class=\"wp-image-4955\" srcset=\"https:\/\/francdumonde.com\/wp-content\/uploads\/2022\/06\/FDM_089-1024x683.jpg 1024w, https:\/\/francdumonde.com\/wp-content\/uploads\/2022\/06\/FDM_089-300x200.jpg 300w, https:\/\/francdumonde.com\/wp-content\/uploads\/2022\/06\/FDM_089-768x512.jpg 768w, https:\/\/francdumonde.com\/wp-content\/uploads\/2022\/06\/FDM_089-1536x1024.jpg 1536w\" sizes=\"auto, (max-width: 1024px) 100vw, 1024px\" \/><\/figure><\/li><li class=\"blocks-gallery-item\"><figure><img loading=\"lazy\" decoding=\"async\" width=\"1024\" height=\"683\" src=\"https:\/\/francdumonde.com\/wp-content\/uploads\/2022\/06\/FDM_106-1-1024x683.jpg\" alt=\"\" data-id=\"4956\" data-full-url=\"https:\/\/francdumonde.com\/wp-content\/uploads\/2022\/06\/FDM_106-1-scaled.jpg\" data-link=\"https:\/\/francdumonde.com\/media-zona\/fdm_106-1\/\" class=\"wp-image-4956\" srcset=\"https:\/\/francdumonde.com\/wp-content\/uploads\/2022\/06\/FDM_106-1-1024x683.jpg 1024w, https:\/\/francdumonde.com\/wp-content\/uploads\/2022\/06\/FDM_106-1-300x200.jpg 300w, https:\/\/francdumonde.com\/wp-content\/uploads\/2022\/06\/FDM_106-1-768x512.jpg 768w, https:\/\/francdumonde.com\/wp-content\/uploads\/2022\/06\/FDM_106-1-1536x1024.jpg 1536w\" sizes=\"auto, (max-width: 1024px) 100vw, 1024px\" \/><\/figure><\/li><li class=\"blocks-gallery-item\"><figure><img loading=\"lazy\" decoding=\"async\" width=\"1024\" height=\"683\" src=\"https:\/\/francdumonde.com\/wp-content\/uploads\/2022\/06\/FDM_301-1024x683.jpg\" alt=\"\" data-id=\"4957\" data-full-url=\"https:\/\/francdumonde.com\/wp-content\/uploads\/2022\/06\/FDM_301-scaled.jpg\" data-link=\"https:\/\/francdumonde.com\/media-zona\/fdm_301\/\" class=\"wp-image-4957\" srcset=\"https:\/\/francdumonde.com\/wp-content\/uploads\/2022\/06\/FDM_301-1024x683.jpg 1024w, https:\/\/francdumonde.com\/wp-content\/uploads\/2022\/06\/FDM_301-300x200.jpg 300w, https:\/\/francdumonde.com\/wp-content\/uploads\/2022\/06\/FDM_301-768x512.jpg 768w, https:\/\/francdumonde.com\/wp-content\/uploads\/2022\/06\/FDM_301-1536x1024.jpg 1536w\" sizes=\"auto, (max-width: 1024px) 100vw, 1024px\" \/><\/figure><\/li><li class=\"blocks-gallery-item\"><figure><img loading=\"lazy\" decoding=\"async\" width=\"1024\" height=\"683\" src=\"https:\/\/francdumonde.com\/wp-content\/uploads\/2022\/06\/FDM_304-1024x683.jpg\" alt=\"\" data-id=\"4958\" data-full-url=\"https:\/\/francdumonde.com\/wp-content\/uploads\/2022\/06\/FDM_304-scaled.jpg\" data-link=\"https:\/\/francdumonde.com\/media-zona\/fdm_304\/\" class=\"wp-image-4958\" srcset=\"https:\/\/francdumonde.com\/wp-content\/uploads\/2022\/06\/FDM_304-1024x683.jpg 1024w, https:\/\/francdumonde.com\/wp-content\/uploads\/2022\/06\/FDM_304-300x200.jpg 300w, https:\/\/francdumonde.com\/wp-content\/uploads\/2022\/06\/FDM_304-768x512.jpg 768w, https:\/\/francdumonde.com\/wp-content\/uploads\/2022\/06\/FDM_304-1536x1024.jpg 1536w\" sizes=\"auto, (max-width: 1024px) 100vw, 1024px\" \/><\/figure><\/li><li class=\"blocks-gallery-item\"><figure><img loading=\"lazy\" decoding=\"async\" width=\"1024\" height=\"683\" src=\"https:\/\/francdumonde.com\/wp-content\/uploads\/2022\/06\/FDM_415-1-1024x683.jpg\" alt=\"\" data-id=\"4959\" data-full-url=\"https:\/\/francdumonde.com\/wp-content\/uploads\/2022\/06\/FDM_415-1-scaled.jpg\" data-link=\"https:\/\/francdumonde.com\/media-zona\/fdm_415-1\/\" class=\"wp-image-4959\" srcset=\"https:\/\/francdumonde.com\/wp-content\/uploads\/2022\/06\/FDM_415-1-1024x683.jpg 1024w, https:\/\/francdumonde.com\/wp-content\/uploads\/2022\/06\/FDM_415-1-300x200.jpg 300w, https:\/\/francdumonde.com\/wp-content\/uploads\/2022\/06\/FDM_415-1-768x512.jpg 768w, https:\/\/francdumonde.com\/wp-content\/uploads\/2022\/06\/FDM_415-1-1536x1024.jpg 1536w\" sizes=\"auto, (max-width: 1024px) 100vw, 1024px\" \/><\/figure><\/li><\/ul><\/figure>\n","protected":false},"excerpt":{"rendered":"<p>VILL\u00c1NY IN INTERNATIONAL FOCUS THE FIRST INTERNATIONAL FRANC DU MONDE CONTEST RESULTS ANNOUNCED Producers of Hungarian Vill\u00e1ny wine region have been organizing Franc &#038; Franc conference and tasting for years, and by today the event has become the internation forum [&hellip;]<\/p>\n","protected":false},"author":8,"featured_media":0,"parent":0,"menu_order":0,"comment_status":"closed","ping_status":"closed","template":"","meta":{"footnotes":""},"class_list":["post-4472","page","type-page","status-publish","hentry"],"_links":{"self":[{"href":"https:\/\/francdumonde.com\/en\/wp-json\/wp\/v2\/pages\/4472","targetHints":{"allow":["GET"]}}],"collection":[{"href":"https:\/\/francdumonde.com\/en\/wp-json\/wp\/v2\/pages"}],"about":[{"href":"https:\/\/francdumonde.com\/en\/wp-json\/wp\/v2\/types\/page"}],"author":[{"embeddable":true,"href":"https:\/\/francdumonde.com\/en\/wp-json\/wp\/v2\/users\/8"}],"replies":[{"embeddable":true,"href":"https:\/\/francdumonde.com\/en\/wp-json\/wp\/v2\/comments?post=4472"}],"version-history":[{"count":11,"href":"https:\/\/francdumonde.com\/en\/wp-json\/wp\/v2\/pages\/4472\/revisions"}],"predecessor-version":[{"id":5001,"href":"https:\/\/francdumonde.com\/en\/wp-json\/wp\/v2\/pages\/4472\/revisions\/5001"}],"wp:attachment":[{"href":"https:\/\/francdumonde.com\/en\/wp-json\/wp\/v2\/media?parent=4472"}],"curies":[{"name":"wp","href":"https:\/\/api.w.org\/{rel}","templated":true}]}}